{"id":463,"date":"2024-11-03T15:20:21","date_gmt":"2024-11-03T14:20:21","guid":{"rendered":"https:\/\/monsieursamedi.com\/?page_id=463"},"modified":"2026-03-05T11:57:29","modified_gmt":"2026-03-05T10:57:29","slug":"accueil","status":"publish","type":"page","link":"https:\/\/monsieursamedi.com\/","title":{"rendered":"DES MOTS (D\u00e9mo)"},"content":{"rendered":"\n<figure class=\"wp-block-embed is-type-video is-provider-youtube wp-block-embed-youtube wp-embed-aspect-16-9 wp-has-aspect-ratio\"><div class=\"wp-block-embed__wrapper\">\n<iframe loading=\"lazy\" title=\"Des Mots\" width=\"500\" height=\"281\" src=\"https:\/\/www.youtube.com\/embed\/w5_dpZXBvdU?feature=oembed\" frameborder=\"0\" allow=\"accelerometer; autoplay; clipboard-write; encrypted-media; gyroscope; picture-in-picture; web-share\" referrerpolicy=\"strict-origin-when-cross-origin\" allowfullscreen><\/iframe>\n<\/div><\/figure>\n\n\n\n<div style=\"height:100px\" aria-hidden=\"true\" class=\"wp-block-spacer\"><\/div>\n\n\n\n<h2 class=\"wp-block-heading\">BERCEUSE (Le monstre sous le lit)<\/h2>\n\n\n\n<figure class=\"wp-block-embed is-type-video is-provider-youtube wp-block-embed-youtube wp-embed-aspect-16-9 wp-has-aspect-ratio\"><div class=\"wp-block-embed__wrapper\">\n<iframe loading=\"lazy\" title=\"Berceuse (Le monstre sous le lit)\" width=\"500\" height=\"281\" src=\"https:\/\/www.youtube.com\/embed\/oRwsuTWpNmk?feature=oembed\" frameborder=\"0\" allow=\"accelerometer; autoplay; clipboard-write; encrypted-media; gyroscope; picture-in-picture; web-share\" referrerpolicy=\"strict-origin-when-cross-origin\" allowfullscreen><\/iframe>\n<\/div><\/figure>\n\n\n\n<div style=\"height:100px\" aria-hidden=\"true\" class=\"wp-block-spacer\"><\/div>\n\n\n\n<h2 class=\"wp-block-heading\">AH BEN C&rsquo;EST BIEN TRISTE, on n&rsquo;a plus d&rsquo;premier ministre !<\/h2>\n\n\n\n<figure class=\"wp-block-embed is-type-video is-provider-youtube wp-block-embed-youtube wp-embed-aspect-16-9 wp-has-aspect-ratio\"><div class=\"wp-block-embed__wrapper\">\n<iframe loading=\"lazy\" title=\"AH BEN C&#039;EST BIEN TRISTE, On n&#039;a plus d&#039;premier ministre\" width=\"500\" height=\"281\" src=\"https:\/\/www.youtube.com\/embed\/0g5zfhEwwtA?feature=oembed\" frameborder=\"0\" allow=\"accelerometer; autoplay; clipboard-write; encrypted-media; gyroscope; picture-in-picture; web-share\" referrerpolicy=\"strict-origin-when-cross-origin\" allowfullscreen><\/iframe>\n<\/div><\/figure>\n\n\n\n<div style=\"height:100px\" aria-hidden=\"true\" class=\"wp-block-spacer\"><\/div>\n\n\n\n<p><\/p>\n\n\n\n<div class=\"wp-block-columns is-layout-flex wp-container-core-columns-is-layout-1 wp-block-columns-is-layout-flex\">\n<div class=\"wp-block-column is-layout-flow wp-block-column-is-layout-flow\">\n<h4 class=\"wp-block-heading has-text-align-center\"><a href=\"https:\/\/monsieursamedi.com\/index.php\/videos\/\" data-type=\"page\" data-id=\"892\">Archives vid\u00e9o<\/a><\/h4>\n\n\n\n<figure class=\"wp-block-image size-full\"><a href=\"https:\/\/monsieursamedi.com\/index.php\/videos\/\"><img loading=\"lazy\" decoding=\"async\" width=\"283\" height=\"162\" src=\"https:\/\/monsieursamedi.com\/wp-content\/uploads\/2025\/02\/Sans-titre-2.jpeg\" alt=\"\" class=\"wp-image-1054 colorbox-463\"\/><\/a><\/figure>\n\n\n\n<p class=\"has-text-align-center\">Clip, extraits de concert, chansons, slams &#8230;<\/p>\n<\/div>\n\n\n\n<div class=\"wp-block-column is-layout-flow wp-block-column-is-layout-flow\">\n<h4 class=\"wp-block-heading has-text-align-center\"><a href=\"https:\/\/monsieursamedi.com\/index.php\/chansons-express-test\/\" data-type=\"page\" data-id=\"819\">Chansons Express<\/a><\/h4>\n\n\n\n<figure class=\"wp-block-image size-full\"><a href=\"https:\/\/monsieursamedi.com\/index.php\/chansons-express-test\/\"><img loading=\"lazy\" decoding=\"async\" width=\"281\" height=\"162\" src=\"https:\/\/monsieursamedi.com\/wp-content\/uploads\/2025\/02\/Xpress.jpeg\" alt=\"\" class=\"wp-image-1055 colorbox-463\"\/><\/a><\/figure>\n\n\n\n<p class=\"has-text-align-center\">Archives : une chanson express par semaine, durant trois mois<\/p>\n<\/div>\n\n\n\n<div class=\"wp-block-column is-layout-flow wp-block-column-is-layout-flow\">\n<h4 class=\"wp-block-heading has-text-align-center\"><a href=\"https:\/\/monsieursamedi.com\/index.php\/mediation-culturelle\/\" data-type=\"page\" data-id=\"731\">M\u00e9diation culturelle<\/a><\/h4>\n\n\n<div class=\"wp-block-image\">\n<figure class=\"aligncenter size-full is-resized\"><a href=\"https:\/\/monsieursamedi.com\/index.php\/mediation-culturelle\/\"><img loading=\"lazy\" decoding=\"async\" width=\"300\" height=\"208\" src=\"https:\/\/monsieursamedi.com\/wp-content\/uploads\/2025\/02\/Sans-titre-3-1.jpg\" alt=\"\" class=\"wp-image-1056 colorbox-463\" style=\"width:210px;height:145px\"\/><\/a><\/figure><\/div>\n\n\n<p class=\"has-text-align-center\">Et si on s&rsquo;amusait \u00e0 \u00e9crire ?<\/p>\n<\/div>\n<\/div>\n\n\n\n<p><strong>Monsieur Samedi d\u00e9ploie ses mots, ses m\u00e9lodies qui nous \u00e9meuvent, nous font rire, nous font r\u00e9fl\u00e9chir sans jamais trop se prendre au s\u00e9rieux.<\/strong><\/p>\n\n\n\n<p>\u00c9mouvant, amusant, touchant. Monsieur Samedi trouve le mot juste, la rime qui fait mouche, \u00e9tonne et fait sourire dans une ambiance toujours conviviale et d\u00e9contract\u00e9e, et entretient une vraie proximit\u00e9 avec le public.<\/p>\n\n\n\n<p><\/p>\n\n\n\n<figure class=\"wp-block-image size-full is-resized\"><img loading=\"lazy\" decoding=\"async\" width=\"640\" height=\"320\" src=\"https:\/\/monsieursamedi.com\/wp-content\/uploads\/2025\/01\/2025-01-16-Noktambul-recad-opt.jpg\" alt=\"\" class=\"wp-image-704 colorbox-463\" style=\"width:840px;height:auto\" srcset=\"https:\/\/monsieursamedi.com\/wp-content\/uploads\/2025\/01\/2025-01-16-Noktambul-recad-opt.jpg 640w, https:\/\/monsieursamedi.com\/wp-content\/uploads\/2025\/01\/2025-01-16-Noktambul-recad-opt-300x150.jpg 300w\" sizes=\"auto, (max-width: 640px) 100vw, 640px\" \/><\/figure>\n\n\n\n<h3 class=\"wp-block-heading\">Monsieur Samedi nous raconte des histoires<\/h3>\n\n\n\n<p>Quand il n&rsquo;est pas f\u00e2ch\u00e9 avec tout le monde, Monsieur Samedi nous raconte avec ou sans musique l&rsquo;histoire du boucher qui coupait les chevaux en quatre, celle du Roi du P\u00e9trole, ou celle de Riri qui est asthmatique et prend de la ventoline (mais 3 ans c&rsquo;est un peu t\u00f4t pour encha\u00eener les maladies). Il nous conseille la m\u00e9ditation en toute situation ; et nous parle de l&rsquo;Amour, qui n&rsquo;est pas donn\u00e9 mais qui nous additionne.<\/p>\n\n\n\n<p>Enfin, Monsieur Samedi nous pose la question ultime, la seule qui vaille : Dieu est il un homme, une femme, une tortue&nbsp;?<\/p>\n\n\n\n<blockquote class=\"wp-block-quote is-layout-flow wp-block-quote-is-layout-flow\">\n<p><em>On sent des inspirations du c\u00f4t\u00e9 de Brassens, Vian, Brel, &nbsp;mais aussi de Lo\u00efc Lantoine, les Ogres de Barback ou Didier Super pour le c\u00f4t\u00e9 punk.<\/em><\/p>\n<\/blockquote>\n\n\n\n<h3 class=\"wp-block-heading\"><strong>Bref, Monsieur Samedi, c&rsquo;est une bonne dose de second degr\u00e9 dans un monde de brut !<\/strong><\/h3>\n\n\n\n<div class=\"wp-block-columns is-layout-flex wp-container-core-columns-is-layout-2 wp-block-columns-is-layout-flex\">\n<div class=\"wp-block-column is-layout-flow wp-block-column-is-layout-flow\" style=\"flex-basis:66.66%\"><\/div>\n\n\n\n<div class=\"wp-block-column is-layout-flow wp-block-column-is-layout-flow\" style=\"flex-basis:33.33%\"><\/div>\n<\/div>\n\n\n\n<p><\/p>\n","protected":false},"excerpt":{"rendered":"<p>BERCEUSE (Le monstre sous le lit) AH BEN C&rsquo;EST BIEN TRISTE, on n&rsquo;a plus d&rsquo;premier ministre ! Archives vid\u00e9o Clip, extraits de concert, chansons, slams &#8230; Chansons Express Archives : une chanson express par semaine, durant trois mois M\u00e9diation culturelle Et si on s&rsquo;amusait \u00e0 \u00e9crire ? Monsieur Samedi d\u00e9ploie ses mots, ses m\u00e9lodies qui [&hellip;]<\/p>\n","protected":false},"author":1,"featured_media":0,"parent":0,"menu_order":0,"comment_status":"closed","ping_status":"closed","template":"","meta":{"footnotes":""},"class_list":["post-463","page","type-page","status-publish","hentry"],"_links":{"self":[{"href":"https:\/\/monsieursamedi.com\/wp-json\/wp\/v2\/pages\/463","targetHints":{"allow":["GET"]}}],"collection":[{"href":"https:\/\/monsieursamedi.com\/wp-json\/wp\/v2\/pages"}],"about":[{"href":"https:\/\/monsieursamedi.com\/wp-json\/wp\/v2\/types\/page"}],"author":[{"embeddable":true,"href":"https:\/\/monsieursamedi.com\/wp-json\/wp\/v2\/users\/1"}],"replies":[{"embeddable":true,"href":"https:\/\/monsieursamedi.com\/wp-json\/wp\/v2\/comments?post=463"}],"version-history":[{"count":70,"href":"https:\/\/monsieursamedi.com\/wp-json\/wp\/v2\/pages\/463\/revisions"}],"predecessor-version":[{"id":1349,"href":"https:\/\/monsieursamedi.com\/wp-json\/wp\/v2\/pages\/463\/revisions\/1349"}],"wp:attachment":[{"href":"https:\/\/monsieursamedi.com\/wp-json\/wp\/v2\/media?parent=463"}],"curies":[{"name":"wp","href":"https:\/\/api.w.org\/{rel}","templated":true}]}}